{"id":7,"date":"2019-05-20T15:21:07","date_gmt":"2019-05-20T13:21:07","guid":{"rendered":"http:\/\/gis.kreis-steinfurt.de\/wordpress\/?page_id=7"},"modified":"2025-11-17T08:59:01","modified_gmt":"2025-11-17T07:59:01","slug":"mitglieder","status":"publish","type":"page","link":"https:\/\/geonetzwerk-muensterland.de\/?page_id=7","title":{"rendered":"Mitglieder"},"content":{"rendered":"\n<p>Das Geonetzwerk steht allen Unternehmen und Institutionen offen, die Interesse an einer regionalen Zusammenarbeit haben. Weitere Mitglieder sind uns immer willkommen. Voraussetzung zur Mitarbeit ist das Interesse an Geoinformationsthemen und eine aktive Mitarbeit an der Entwicklung des Netzwerkes. Bei Interesse <strong><a href=\"https:\/\/gis.kreis-steinfurt.de\/wordpress\/?page_id=43\">s<\/a><a href=\"mailto: info@geonetzwerk-muensterland.de\">prechen Sie uns bitte an<\/a><a href=\"https:\/\/gis.kreis-steinfurt.de\/wordpress\/?page_id=43\">.<\/a><\/strong><\/p>\n\n\n\n<p>Folgende Unternehmen und Organisationen sind bereits Mitglied:<\/p>\n\n\n\n<figure class=\"wp-block-table aligncenter is-style-regular\"><table><tbody><tr><td class=\"has-text-align-center\" data-align=\"center\"><img loading=\"lazy\" decoding=\"async\" width=\"120\" height=\"56\" class=\"wp-image-11\" style=\"width: 120px;\" src=\"https:\/\/geonetzwerk-muensterland.de\/wp-content\/uploads\/2019\/05\/logo52nclaim.gif\" alt=\"\"><\/td><td><a href=\"https:\/\/52north.org\/\"><strong>52\u00b0 North GmbH<\/strong><\/a><\/td><\/tr><tr><td class=\"has-text-align-center\" data-align=\"center\"><img loading=\"lazy\" decoding=\"async\" width=\"945\" height=\"172\" class=\"wp-image-731\" style=\"width: 150px;\" src=\"http:\/\/wordpress.geonetzwerk-muensterland.de\/wp-content\/uploads\/2024\/08\/VertiGIS-Logo-Color-1.jpg\" alt=\"\" srcset=\"https:\/\/geonetzwerk-muensterland.de\/wp-content\/uploads\/2024\/08\/VertiGIS-Logo-Color-1.jpg 945w, https:\/\/geonetzwerk-muensterland.de\/wp-content\/uploads\/2024\/08\/VertiGIS-Logo-Color-1-300x55.jpg 300w, https:\/\/geonetzwerk-muensterland.de\/wp-content\/uploads\/2024\/08\/VertiGIS-Logo-Color-1-768x140.jpg 768w\" sizes=\"(max-width: 945px) 100vw, 945px\" \/><\/td><td><a href=\"https:\/\/www.vertigis.com\/de\/\"><strong>VertiGIS<\/strong><\/a><\/td><\/tr><tr><td class=\"has-text-align-center\" data-align=\"center\"><img loading=\"lazy\" decoding=\"async\" width=\"2468\" height=\"1917\" class=\"wp-image-547\" style=\"width: 120px;\" src=\"http:\/\/wordpress.geonetzwerk-muensterland.de\/wp-content\/uploads\/2023\/04\/AVT-AS_komplett.png\" alt=\"\" srcset=\"https:\/\/geonetzwerk-muensterland.de\/wp-content\/uploads\/2023\/04\/AVT-AS_komplett.png 2468w, https:\/\/geonetzwerk-muensterland.de\/wp-content\/uploads\/2023\/04\/AVT-AS_komplett-300x233.png 300w, https:\/\/geonetzwerk-muensterland.de\/wp-content\/uploads\/2023\/04\/AVT-AS_komplett-1024x795.png 1024w, https:\/\/geonetzwerk-muensterland.de\/wp-content\/uploads\/2023\/04\/AVT-AS_komplett-768x597.png 768w, https:\/\/geonetzwerk-muensterland.de\/wp-content\/uploads\/2023\/04\/AVT-AS_komplett-1536x1193.png 1536w, https:\/\/geonetzwerk-muensterland.de\/wp-content\/uploads\/2023\/04\/AVT-AS_komplett-2048x1591.png 2048w\" sizes=\"(max-width: 2468px) 100vw, 2468px\" \/><\/td><td><a href=\"https:\/\/www.avt-as.eu\/\"><strong>AVT Airborne Sensing GmbH<\/strong><\/a><\/td><\/tr><tr><td class=\"has-text-align-center\" data-align=\"center\"><img loading=\"lazy\" decoding=\"async\" width=\"1538\" height=\"1538\" class=\"wp-image-719\" style=\"width: 80px;\" src=\"http:\/\/wordpress.geonetzwerk-muensterland.de\/wp-content\/uploads\/2024\/07\/p17-black.png\" alt=\"\" srcset=\"https:\/\/geonetzwerk-muensterland.de\/wp-content\/uploads\/2024\/07\/p17-black.png 1538w, https:\/\/geonetzwerk-muensterland.de\/wp-content\/uploads\/2024\/07\/p17-black-300x300.png 300w, https:\/\/geonetzwerk-muensterland.de\/wp-content\/uploads\/2024\/07\/p17-black-1024x1024.png 1024w, https:\/\/geonetzwerk-muensterland.de\/wp-content\/uploads\/2024\/07\/p17-black-150x150.png 150w, https:\/\/geonetzwerk-muensterland.de\/wp-content\/uploads\/2024\/07\/p17-black-768x768.png 768w, https:\/\/geonetzwerk-muensterland.de\/wp-content\/uploads\/2024\/07\/p17-black-1536x1536.png 1536w\" sizes=\"(max-width: 1538px) 100vw, 1538px\" \/><\/td><td><a href=\"http:\/\/p17.de\" data-type=\"page\" data-id=\"7\"><strong>p17 GmbH<\/strong><\/a><\/td><\/tr><tr><td class=\"has-text-align-center\" data-align=\"center\"><img loading=\"lazy\" decoding=\"async\" width=\"329\" height=\"102\" class=\"wp-image-129\" style=\"width: 150px;\" src=\"http:\/\/wordpress.geonetzwerk-muensterland.de\/wp-content\/uploads\/2019\/05\/brmuenster_logo.png\" alt=\"\" srcset=\"https:\/\/geonetzwerk-muensterland.de\/wp-content\/uploads\/2019\/05\/brmuenster_logo.png 329w, https:\/\/geonetzwerk-muensterland.de\/wp-content\/uploads\/2019\/05\/brmuenster_logo-300x93.png 300w\" sizes=\"(max-width: 329px) 100vw, 329px\" \/><\/td><td><a href=\"https:\/\/www.bezreg-muenster.de\/de\/index.html\"><strong>Bezirksregierung M\u00fcnster<\/strong><\/a><\/td><\/tr><tr><td class=\"has-text-align-center\" data-align=\"center\"><img loading=\"lazy\" decoding=\"async\" width=\"120\" height=\"29\" class=\"wp-image-130\" style=\"width: 120px;\" src=\"https:\/\/geonetzwerk-muensterland.de\/wp-content\/uploads\/2019\/05\/bmvektor.gif\" alt=\"\"><\/td><td><a href=\"https:\/\/www.bm-vektor.eu\/\"><strong>BM Vektor e.K.<\/strong><\/a><\/td><\/tr><tr><td class=\"has-text-align-center\" data-align=\"center\"><img loading=\"lazy\" decoding=\"async\" width=\"288\" height=\"72\" class=\"wp-image-131\" style=\"width: 150px;\" src=\"https:\/\/geonetzwerk-muensterland.de\/wp-content\/uploads\/2019\/05\/logo_Bockermann.png\" alt=\"\"><\/td><td><a href=\"http:\/\/www.bf-ingenieurconsult.de\/\"><strong>Bockermann Fritze IngenieurConsult <\/strong><\/a><a href=\"http:\/\/www.bf-ingenieurconsult.de\/\"><strong>GmbH<\/strong><\/a><\/td><\/tr><tr><td class=\"has-text-align-center\" data-align=\"center\"><img loading=\"lazy\" decoding=\"async\" width=\"122\" height=\"17\" class=\"wp-image-132\" style=\"width: 122px;\" src=\"https:\/\/geonetzwerk-muensterland.de\/wp-content\/uploads\/2019\/05\/conterra_Logo_RGB_300dpi_425cm.gif\" alt=\"\"><\/td><td><a href=\"https:\/\/www.conterra.de\"><strong>con terra GmbH<\/strong><\/a><\/td><\/tr><tr><td class=\"has-text-align-center\" data-align=\"center\"><img loading=\"lazy\" decoding=\"async\" width=\"120\" height=\"71\" class=\"wp-image-133\" style=\"width: 120px;\" src=\"https:\/\/geonetzwerk-muensterland.de\/wp-content\/uploads\/2019\/05\/eftas.gif\" alt=\"\"><\/td><td><a href=\"https:\/\/www.eftas.de\/\"><strong>EFTAS Fernerkundung Technologietransfer <\/strong><\/a><br><a href=\"https:\/\/www.eftas.de\/\"><strong>GmbH<\/strong><\/a><\/td><\/tr><tr><td class=\"has-text-align-center\" data-align=\"center\"><img loading=\"lazy\" decoding=\"async\" width=\"120\" height=\"79\" class=\"wp-image-135\" style=\"width: 1px;\" src=\"http:\/\/gis.kreis-steinfurt.de\/wordpress\/wp-content\/uploads\/2019\/05\/Eule3.png\" alt=\"\"><img loading=\"lazy\" decoding=\"async\" width=\"120\" height=\"79\" class=\"wp-image-135\" style=\"width: 120px;\" src=\"https:\/\/geonetzwerk-muensterland.de\/wp-content\/uploads\/2019\/05\/Eule3.png\" alt=\"\"><\/td><td><a href=\"https:\/\/www.uni-muenster.de\/OekologischePlanung\/team\/eulegdi.html\"><strong>Eule GDI Arndt, Kaspar, Keller GbR<\/strong><\/a><\/td><\/tr><tr><td class=\"has-text-align-center\" data-align=\"center\"><img loading=\"lazy\" decoding=\"async\" width=\"655\" height=\"173\" class=\"wp-image-197\" style=\"width: 150px;\" alt=\"\" src=\"http:\/\/gis.kreis-steinfurt.de\/wordpress\/wp-content\/uploads\/2019\/05\/Hochaschule-Gelsenkirchen.png\" srcset=\"https:\/\/geonetzwerk-muensterland.de\/wp-content\/uploads\/2019\/05\/Hochaschule-Gelsenkirchen.png 655w, https:\/\/geonetzwerk-muensterland.de\/wp-content\/uploads\/2019\/05\/Hochaschule-Gelsenkirchen-300x79.png 300w\" sizes=\"(max-width: 655px) 100vw, 655px\" \/><\/td><td><strong><a href=\"https:\/\/www.w-hs.de\/elektrotechnik-ge\/\">Westf\u00e4lische Hochschule Standort Bocholt<br>Fachbereich Elektrotechnik<\/a><\/strong><\/td><\/tr><tr><td class=\"has-text-align-center\" data-align=\"center\"><img loading=\"lazy\" decoding=\"async\" width=\"120\" height=\"58\" class=\"wp-image-139\" style=\"width: 120px;\" src=\"https:\/\/geonetzwerk-muensterland.de\/wp-content\/uploads\/2019\/05\/gds.gif\" alt=\"\"><\/td><td><a href=\"https:\/\/www.gds-team.de\/\"><strong>GDS Geo Daten Service GmbH<\/strong><\/a><\/td><\/tr><tr><td class=\"has-text-align-center\" data-align=\"center\"><img loading=\"lazy\" decoding=\"async\" width=\"300\" height=\"73\" class=\"wp-image-138\" style=\"width: 150px;\" src=\"https:\/\/geonetzwerk-muensterland.de\/wp-content\/uploads\/2019\/05\/Ge-Komm_Logo-300x73.png\" alt=\"\"><\/td><td><a href=\"https:\/\/ge-komm.de\/\"><strong>Ge-Komm GmbH <\/strong><\/a><\/td><\/tr><tr><td class=\"has-text-align-center\" data-align=\"center\"><img loading=\"lazy\" decoding=\"async\" width=\"184\" height=\"91\" class=\"wp-image-199\" style=\"width: 150px;\" src=\"https:\/\/geonetzwerk-muensterland.de\/wp-content\/uploads\/2019\/05\/GFS.png\" alt=\"\"><\/td><td><strong><a href=\"https:\/\/www.exmap.de\/\">GFS Gesellschaft f\u00fcr Software mbH<\/a><\/strong><\/td><\/tr><tr><td class=\"has-text-align-center\" data-align=\"center\"><img loading=\"lazy\" decoding=\"async\" width=\"1920\" height=\"1080\" class=\"wp-image-716\" style=\"width: 150px;\" src=\"http:\/\/wordpress.geonetzwerk-muensterland.de\/wp-content\/uploads\/2024\/07\/logo-gis-consult-HQ.jpg\" alt=\"\" srcset=\"https:\/\/geonetzwerk-muensterland.de\/wp-content\/uploads\/2024\/07\/logo-gis-consult-HQ.jpg 1920w, https:\/\/geonetzwerk-muensterland.de\/wp-content\/uploads\/2024\/07\/logo-gis-consult-HQ-300x169.jpg 300w, https:\/\/geonetzwerk-muensterland.de\/wp-content\/uploads\/2024\/07\/logo-gis-consult-HQ-1024x576.jpg 1024w, https:\/\/geonetzwerk-muensterland.de\/wp-content\/uploads\/2024\/07\/logo-gis-consult-HQ-768x432.jpg 768w, https:\/\/geonetzwerk-muensterland.de\/wp-content\/uploads\/2024\/07\/logo-gis-consult-HQ-1536x864.jpg 1536w\" sizes=\"(max-width: 1920px) 100vw, 1920px\" \/><\/td><td><a href=\"https:\/\/www.gis-consult.de\/\"><strong>GIS Consult GmbH<\/strong><\/a><\/td><\/tr><tr><td class=\"has-text-align-center\" data-align=\"center\"><img loading=\"lazy\" decoding=\"async\" width=\"903\" height=\"439\" class=\"wp-image-164\" style=\"width: 150px;\" src=\"http:\/\/wordpress.geonetzwerk-muensterland.de\/wp-content\/uploads\/2019\/05\/gisME-e1558602582458.jpg\" alt=\"\" srcset=\"https:\/\/geonetzwerk-muensterland.de\/wp-content\/uploads\/2019\/05\/gisME-e1558602582458.jpg 903w, https:\/\/geonetzwerk-muensterland.de\/wp-content\/uploads\/2019\/05\/gisME-e1558602582458-300x146.jpg 300w, https:\/\/geonetzwerk-muensterland.de\/wp-content\/uploads\/2019\/05\/gisME-e1558602582458-768x373.jpg 768w\" sizes=\"(max-width: 903px) 100vw, 903px\" \/><\/td><td><a href=\"https:\/\/www.gisme.net\/\"><strong>gisME<\/strong><\/a><\/td><\/tr><tr><td class=\"has-text-align-center\" data-align=\"center\"><img loading=\"lazy\" decoding=\"async\" width=\"120\" height=\"60\" class=\"wp-image-141\" style=\"width: 120px;\" src=\"https:\/\/geonetzwerk-muensterland.de\/wp-content\/uploads\/2019\/05\/gon1.gif\" alt=\"\"><\/td><td><strong><a href=\"https:\/\/gon.de\" data-type=\"link\" data-id=\"https:\/\/gon.de\">g.on experience gm<\/a><\/strong><a href=\"https:\/\/gon.de\/de\/\"><strong>bh<\/strong><\/a><\/td><\/tr><tr><td class=\"has-text-align-center\" data-align=\"center\"><img loading=\"lazy\" decoding=\"async\" width=\"200\" height=\"45\" class=\"wp-image-503\" style=\"width: 150px;\" src=\"https:\/\/geonetzwerk-muensterland.de\/wp-content\/uploads\/2020\/03\/HansaLuftbild_klein.jpg\" alt=\"\"><\/td><td><a href=\"https:\/\/www.hansaluftbild.de\/\"><strong>Hansa Luftbild AG<\/strong><\/a><\/td><\/tr><tr><td class=\"has-text-align-center\" data-align=\"center\"><img loading=\"lazy\" decoding=\"async\" width=\"120\" height=\"68\" class=\"wp-image-143\" style=\"width: 120px;\" src=\"https:\/\/geonetzwerk-muensterland.de\/wp-content\/uploads\/2019\/05\/fh_labor.gif\" alt=\"\"><\/td><td><a href=\"https:\/\/www.fh-muenster.de\/eti\/labore_forschung\/se\/index.php\"><strong>Labor f\u00fcr Software Engineering<br>Fachhochschule M\u00fcnster<\/strong><\/a><\/td><\/tr><tr><td class=\"has-text-align-center\" data-align=\"center\"><img loading=\"lazy\" decoding=\"async\" width=\"120\" height=\"43\" class=\"wp-image-145\" style=\"width: 120px;\" src=\"https:\/\/geonetzwerk-muensterland.de\/wp-content\/uploads\/2019\/05\/ifgi1.gif\" alt=\"\"><\/td><td><a href=\"https:\/\/www.uni-muenster.de\/Geoinformatics\/\"><strong>Institut f\u00fcr Geoinformatik<br>Universit\u00e4r M\u00fcnster<\/strong><\/a><\/td><\/tr><tr><td class=\"has-text-align-center\" data-align=\"center\"><img loading=\"lazy\" decoding=\"async\" width=\"790\" height=\"157\" class=\"wp-image-146\" style=\"width: 150px;\" src=\"http:\/\/wordpress.geonetzwerk-muensterland.de\/wp-content\/uploads\/2019\/05\/IHK-Logo-2012-4c-01-e1516290217509.jpg\" alt=\"\" srcset=\"https:\/\/geonetzwerk-muensterland.de\/wp-content\/uploads\/2019\/05\/IHK-Logo-2012-4c-01-e1516290217509.jpg 790w, https:\/\/geonetzwerk-muensterland.de\/wp-content\/uploads\/2019\/05\/IHK-Logo-2012-4c-01-e1516290217509-300x60.jpg 300w, https:\/\/geonetzwerk-muensterland.de\/wp-content\/uploads\/2019\/05\/IHK-Logo-2012-4c-01-e1516290217509-768x153.jpg 768w\" sizes=\"(max-width: 790px) 100vw, 790px\" \/><\/td><td><a href=\"https:\/\/www.ihk-nordwestfalen.de\/\"><strong>IHK-Nordwestfalen<\/strong><\/a><\/td><\/tr><tr><td class=\"has-text-align-center\" data-align=\"center\"><img loading=\"lazy\" decoding=\"async\" width=\"4001\" height=\"1106\" class=\"wp-image-926\" style=\"width: 150px;\" src=\"https:\/\/geonetzwerk-muensterland.de\/wp-content\/uploads\/2025\/04\/Logo_rot_Bertels_Ingenieure.cleaned.png\" alt=\"\" srcset=\"https:\/\/geonetzwerk-muensterland.de\/wp-content\/uploads\/2025\/04\/Logo_rot_Bertels_Ingenieure.cleaned.png 4001w, https:\/\/geonetzwerk-muensterland.de\/wp-content\/uploads\/2025\/04\/Logo_rot_Bertels_Ingenieure.cleaned-300x83.png 300w, https:\/\/geonetzwerk-muensterland.de\/wp-content\/uploads\/2025\/04\/Logo_rot_Bertels_Ingenieure.cleaned-1024x283.png 1024w, https:\/\/geonetzwerk-muensterland.de\/wp-content\/uploads\/2025\/04\/Logo_rot_Bertels_Ingenieure.cleaned-768x212.png 768w, https:\/\/geonetzwerk-muensterland.de\/wp-content\/uploads\/2025\/04\/Logo_rot_Bertels_Ingenieure.cleaned-1536x425.png 1536w, https:\/\/geonetzwerk-muensterland.de\/wp-content\/uploads\/2025\/04\/Logo_rot_Bertels_Ingenieure.cleaned-2048x566.png 2048w\" sizes=\"(max-width: 4001px) 100vw, 4001px\" \/><\/td><td><a href=\"http:\/\/www.bertels-info.de\/\"><strong>Bertels Ingenieure GmbH<\/strong><\/a><\/td><\/tr><tr><td class=\"has-text-align-center\" data-align=\"center\"><img loading=\"lazy\" decoding=\"async\" width=\"120\" height=\"49\" class=\"wp-image-148\" style=\"width: 120px;\" src=\"https:\/\/geonetzwerk-muensterland.de\/wp-content\/uploads\/2019\/05\/kreis_bor.gif\" alt=\"\"><\/td><td><a href=\"https:\/\/www.kreis-borken.de\/\"><strong>Kreis Borken<\/strong><\/a><\/td><\/tr><tr><td class=\"has-text-align-center\" data-align=\"center\"><img loading=\"lazy\" decoding=\"async\" width=\"2560\" height=\"732\" class=\"wp-image-782\" style=\"width: 150px;\" src=\"https:\/\/geonetzwerk-muensterland.de\/wp-content\/uploads\/2024\/10\/LOGO_Kreis_Coesfeld_600_dpi_CMYK.cleaned-scaled.jpg\" alt=\"\" srcset=\"https:\/\/geonetzwerk-muensterland.de\/wp-content\/uploads\/2024\/10\/LOGO_Kreis_Coesfeld_600_dpi_CMYK.cleaned-scaled.jpg 2560w, https:\/\/geonetzwerk-muensterland.de\/wp-content\/uploads\/2024\/10\/LOGO_Kreis_Coesfeld_600_dpi_CMYK.cleaned-300x86.jpg 300w, https:\/\/geonetzwerk-muensterland.de\/wp-content\/uploads\/2024\/10\/LOGO_Kreis_Coesfeld_600_dpi_CMYK.cleaned-1024x293.jpg 1024w, https:\/\/geonetzwerk-muensterland.de\/wp-content\/uploads\/2024\/10\/LOGO_Kreis_Coesfeld_600_dpi_CMYK.cleaned-768x219.jpg 768w, https:\/\/geonetzwerk-muensterland.de\/wp-content\/uploads\/2024\/10\/LOGO_Kreis_Coesfeld_600_dpi_CMYK.cleaned-1536x439.jpg 1536w, https:\/\/geonetzwerk-muensterland.de\/wp-content\/uploads\/2024\/10\/LOGO_Kreis_Coesfeld_600_dpi_CMYK.cleaned-2048x585.jpg 2048w\" sizes=\"(max-width: 2560px) 100vw, 2560px\" \/><\/td><td><a href=\"https:\/\/www.kreis-coesfeld.de\/\"><strong>Kreis Coesfeld<\/strong><\/a><\/td><\/tr><tr><td class=\"has-text-align-center\" data-align=\"center\"><img loading=\"lazy\" decoding=\"async\" width=\"120\" height=\"49\" class=\"wp-image-150\" style=\"width: 120px;\" src=\"https:\/\/geonetzwerk-muensterland.de\/wp-content\/uploads\/2019\/05\/kreis_st.gif\" alt=\"\"><\/td><td><a href=\"https:\/\/www.kreis-steinfurt.de\/kv_steinfurt\/Home\/\"><strong>Kreis Steinfurt<\/strong><\/a><\/td><\/tr><tr><td class=\"has-text-align-center\" data-align=\"center\"><img loading=\"lazy\" decoding=\"async\" width=\"120\" height=\"72\" class=\"wp-image-151\" style=\"width: 120px;\" src=\"https:\/\/geonetzwerk-muensterland.de\/wp-content\/uploads\/2019\/05\/kreis_waf.gif\" alt=\"\"><\/td><td><a href=\"https:\/\/www.kreis-warendorf.de\/aktuelles\/startseite\/\"><strong>Kreis Warendorf<\/strong><\/a><\/td><\/tr><tr><td class=\"has-text-align-center\" data-align=\"center\"><img loading=\"lazy\" decoding=\"async\" width=\"140\" height=\"32\" class=\"wp-image-152\" style=\"width: 140px;\" src=\"https:\/\/geonetzwerk-muensterland.de\/wp-content\/uploads\/2019\/05\/waldundholz_nrw.gif\" alt=\"\"><\/td><td><a href=\"https:\/\/www.wald-und-holz.nrw.de\/\"><strong>Landesbetrieb Wald und Holz<br>Nordrhein-Westfalen<\/strong><\/a><\/td><\/tr><tr><td class=\"has-text-align-center\" data-align=\"center\"><img loading=\"lazy\" decoding=\"async\" width=\"120\" height=\"28\" class=\"wp-image-153\" style=\"width: 120px;\" src=\"https:\/\/geonetzwerk-muensterland.de\/wp-content\/uploads\/2019\/05\/Logo_acadgraph.png\" alt=\"\"><\/td><td><strong><a href=\"https:\/\/mum-acadgraph.de\/\">Mensch und Maschine acadGraph GmbH<\/a><\/strong><\/td><\/tr><tr><td class=\"has-text-align-center\" data-align=\"center\"><img loading=\"lazy\" decoding=\"async\" width=\"140\" height=\"33\" class=\"wp-image-154\" style=\"width: 140px;\" src=\"https:\/\/geonetzwerk-muensterland.de\/wp-content\/uploads\/2019\/05\/nlu.gif\" alt=\"\"><\/td><td><a href=\"http:\/\/www.natur-landschaft-umwelt.de\/\"><strong>NLU &#8211; Projektgesellschaft mbH &amp; Co. KG<\/strong><\/a><\/td><\/tr><tr><td class=\"has-text-align-center\" data-align=\"center\"><img loading=\"lazy\" decoding=\"async\" width=\"855\" height=\"389\" class=\"wp-image-155\" style=\"width: 150px;\" src=\"http:\/\/wordpress.geonetzwerk-muensterland.de\/wp-content\/uploads\/2019\/05\/nts-Logo-neu.png\" alt=\"\" srcset=\"https:\/\/geonetzwerk-muensterland.de\/wp-content\/uploads\/2019\/05\/nts-Logo-neu.png 855w, https:\/\/geonetzwerk-muensterland.de\/wp-content\/uploads\/2019\/05\/nts-Logo-neu-300x136.png 300w, https:\/\/geonetzwerk-muensterland.de\/wp-content\/uploads\/2019\/05\/nts-Logo-neu-768x349.png 768w\" sizes=\"(max-width: 855px) 100vw, 855px\" \/><\/td><td><a href=\"https:\/\/www.nts-plan.de\/\"><strong>nts Ingenieurgesellschaft mbH<\/strong><\/a><\/td><\/tr><tr><td class=\"has-text-align-center\" data-align=\"center\"><img loading=\"lazy\" decoding=\"async\" width=\"67\" height=\"70\" class=\"wp-image-156\" style=\"width: 67px;\" src=\"https:\/\/geonetzwerk-muensterland.de\/wp-content\/uploads\/2019\/05\/spju.gif\" alt=\"\"><\/td><td><a href=\"https:\/\/www.vermessung-warendorf.de\/\"><strong>Spitth\u00f6ver und Jungemann<\/strong><\/a><\/td><\/tr><tr><td class=\"has-text-align-center\" data-align=\"center\"><img loading=\"lazy\" decoding=\"async\" width=\"210\" height=\"77\" class=\"wp-image-157\" style=\"width: 150px;\" src=\"https:\/\/geonetzwerk-muensterland.de\/wp-content\/uploads\/2019\/05\/MS62_web1.gif\" alt=\"\"><\/td><td><a href=\"https:\/\/www.stadt-muenster.de\/katasteramt\/startseite.html\"><strong>Stadt M\u00fcnster Vermessungs- und Katasteramt<\/strong><\/a><\/td><\/tr><tr><td class=\"has-text-align-center\" data-align=\"center\"><img loading=\"lazy\" decoding=\"async\" width=\"400\" height=\"177\" class=\"wp-image-941\" style=\"width: 80px;\" src=\"https:\/\/geonetzwerk-muensterland.de\/wp-content\/uploads\/2025\/10\/Syte-Logo-Export-Black_400px.png\" alt=\"\" srcset=\"https:\/\/geonetzwerk-muensterland.de\/wp-content\/uploads\/2025\/10\/Syte-Logo-Export-Black_400px.png 400w, https:\/\/geonetzwerk-muensterland.de\/wp-content\/uploads\/2025\/10\/Syte-Logo-Export-Black_400px-300x133.png 300w\" sizes=\"(max-width: 400px) 100vw, 400px\" \/><\/td><td><a href=\"https:\/\/www.syte.ms\/\" data-type=\"link\" data-id=\"https:\/\/www.syte.ms\/\"><strong>syte<\/strong><\/a><\/td><\/tr><tr><td class=\"has-text-align-center\" data-align=\"center\"><img loading=\"lazy\" decoding=\"async\" width=\"322\" height=\"91\" class=\"wp-image-212\" style=\"width: 150px;\" src=\"http:\/\/wordpress.geonetzwerk-muensterland.de\/wp-content\/uploads\/2019\/05\/Unbenannt.png\" alt=\"\" srcset=\"https:\/\/geonetzwerk-muensterland.de\/wp-content\/uploads\/2019\/05\/Unbenannt.png 322w, https:\/\/geonetzwerk-muensterland.de\/wp-content\/uploads\/2019\/05\/Unbenannt-300x85.png 300w\" sizes=\"(max-width: 322px) 100vw, 322px\" \/><\/td><td><a href=\"https:\/\/www.technologiefoerderung-muenster.de\/\"><strong>Technologief\u00f6rderung M\u00fcnster GmbH<\/strong><\/a><\/td><\/tr><tr><td class=\"has-text-align-center\" data-align=\"center\"><img loading=\"lazy\" decoding=\"async\" width=\"103\" height=\"70\" class=\"wp-image-159\" style=\"width: 103px;\" src=\"https:\/\/geonetzwerk-muensterland.de\/wp-content\/uploads\/2019\/05\/terravista.gif\" alt=\"\"><\/td><td><a href=\"https:\/\/www.terravista.de\/\"><strong>TerraVista Umweltdaten GmbH<\/strong><\/a><\/td><\/tr><tr><td class=\"has-text-align-center\" data-align=\"center\"><img loading=\"lazy\" decoding=\"async\" width=\"92\" height=\"70\" class=\"wp-image-160\" style=\"width: 92px;\" src=\"https:\/\/geonetzwerk-muensterland.de\/wp-content\/uploads\/2019\/05\/topscan.gif\" alt=\"\"><\/td><td><a href=\"http:\/\/www.topscan.de\/front_content.php\"><strong>TopScan GmbH<\/strong><\/a><\/td><\/tr><tr><td class=\"has-text-align-center\" data-align=\"center\"><img loading=\"lazy\" decoding=\"async\" width=\"140\" height=\"23\" class=\"wp-image-161\" style=\"width: 140px;\" src=\"https:\/\/geonetzwerk-muensterland.de\/wp-content\/uploads\/2019\/05\/wehmeyer.png\" alt=\"\"><\/td><td><a href=\"https:\/\/www.vbm-nrw.de\/pages\/page010_home.xhtml\"><strong>Vermessungsb\u00fcro Rudolf Wehmeyer<\/strong><\/a><\/td><\/tr><tr><td class=\"has-text-align-center\" data-align=\"center\"><img loading=\"lazy\" decoding=\"async\" width=\"140\" height=\"45\" class=\"wp-image-162\" style=\"width: 140px;\" src=\"https:\/\/geonetzwerk-muensterland.de\/wp-content\/uploads\/2019\/05\/schemmer-wuelfing.png\" alt=\"\"><\/td><td><a href=\"https:\/\/www.swo-vermessung.de\/\"><strong>Vermessungsb\u00fcro Schemmer und W\u00fclfing<\/strong><\/a><\/td><\/tr><tr><td class=\"has-text-align-center\" data-align=\"center\"><img loading=\"lazy\" decoding=\"async\" width=\"76\" height=\"70\" class=\"wp-image-163\" style=\"width: 76px;\" src=\"https:\/\/geonetzwerk-muensterland.de\/wp-content\/uploads\/2019\/05\/wfm.gif\" alt=\"\"><\/td><td><a href=\"https:\/\/www.wfm-muenster.de\/\"><strong>Wirtschaftsf\u00f6rderung M\u00fcnster GmbH<\/strong><\/a><\/td><\/tr><\/tbody><\/table><\/figure>\n","protected":false},"excerpt":{"rendered":"<p>Das Geonetzwerk steht allen Unternehmen und Institutionen offen, die Interesse an einer regionalen Zusammenarbeit haben. Weitere Mitglieder sind uns immer willkommen. Voraussetzung zur Mitarbeit&#8230;<\/p>\n","protected":false},"author":2,"featured_media":0,"parent":0,"menu_order":0,"comment_status":"closed","ping_status":"closed","template":"","meta":{"footnotes":""},"_links":{"self":[{"href":"https:\/\/geonetzwerk-muensterland.de\/index.php?rest_route=\/wp\/v2\/pages\/7"}],"collection":[{"href":"https:\/\/geonetzwerk-muensterland.de\/index.php?rest_route=\/wp\/v2\/pages"}],"about":[{"href":"https:\/\/geonetzwerk-muensterland.de\/index.php?rest_route=\/wp\/v2\/types\/page"}],"author":[{"embeddable":true,"href":"https:\/\/geonetzwerk-muensterland.de\/index.php?rest_route=\/wp\/v2\/users\/2"}],"replies":[{"embeddable":true,"href":"https:\/\/geonetzwerk-muensterland.de\/index.php?rest_route=%2Fwp%2Fv2%2Fcomments&post=7"}],"version-history":[{"count":68,"href":"https:\/\/geonetzwerk-muensterland.de\/index.php?rest_route=\/wp\/v2\/pages\/7\/revisions"}],"predecessor-version":[{"id":980,"href":"https:\/\/geonetzwerk-muensterland.de\/index.php?rest_route=\/wp\/v2\/pages\/7\/revisions\/980"}],"wp:attachment":[{"href":"https:\/\/geonetzwerk-muensterland.de\/index.php?rest_route=%2Fwp%2Fv2%2Fmedia&parent=7"}],"curies":[{"name":"wp","href":"https:\/\/api.w.org\/{rel}","templated":true}]}}