{"id":229,"date":"2019-05-23T14:32:22","date_gmt":"2019-05-23T12:32:22","guid":{"rendered":"http:\/\/gis.kreis-steinfurt.de\/wordpress\/?page_id=229"},"modified":"2025-11-20T11:13:32","modified_gmt":"2025-11-20T10:13:32","slug":"downloadbereich","status":"publish","type":"page","link":"https:\/\/geonetzwerk-muensterland.de\/?page_id=229","title":{"rendered":"Downloadbereich"},"content":{"rendered":"\n<h2 class=\"wp-block-heading\">Vortr\u00e4ge Thementag &#8222;KI in der Geoinformation &#8211; Potenziale, Praxis &amp; Perspektiven&#8220; (14.11.2025)<\/h2>\n\n\n\n<ul>\n<li><a href=\"https:\/\/geonetzwerk-muensterland.de\/wp-content\/uploads\/2025\/11\/20251114_Prof-Fabian-Gieseke_Skalierbare-KI-Methoden-fuer-globales-Waldmonitoring.pdf\" data-type=\"link\" data-id=\"https:\/\/geonetzwerk-muensterland.de\/wp-content\/uploads\/2025\/11\/20251114_Prof-Fabian-Gieseke_Skalierbare-KI-Methoden-fuer-globales-Waldmonitoring.pdf\">AI4Forest_Skalierbare KI-Methoden f\u00fcr globales Waldmonitoring<\/a> &#8211; Prof. Dr. Fabian Gieseke (Universit\u00e4t M\u00fcnster)<\/li>\n\n\n\n<li><a href=\"https:\/\/geonetzwerk-muensterland.de\/wp-content\/uploads\/2025\/11\/20251114_Julian-Rasch_Hybride-Ansaetze.pdf\" data-type=\"link\" data-id=\"https:\/\/geonetzwerk-muensterland.de\/wp-content\/uploads\/2025\/11\/20251114_Julian-Rasch_Hybride-Ansaetze.pdf\">Hybride Ans\u00e4tze in der Geoinformation &#8211; Wie KI und Geometrie gemeinsam die Qualit\u00e4t von Geb\u00e4udedaten steigern<\/a> &#8211; Dr. Julian Rasch (syte GmbH)<\/li>\n\n\n\n<li><a href=\"https:\/\/geonetzwerk-muensterland.de\/wp-content\/uploads\/2025\/11\/20251114_Stefan-Kaup_Aspekte-einer-Geospatial-AI-Plattform2.pdf\" data-type=\"link\" data-id=\"https:\/\/geonetzwerk-muensterland.de\/wp-content\/uploads\/2025\/11\/20251114_Stefan-Kaup_Aspekte-einer-Geospatial-AI-Plattform2.pdf\">Aspekte einer Geospatial AI Plattform<\/a> &#8211; Stefan Kaup (ESRI Deutschland)<\/li>\n\n\n\n<li><a href=\"https:\/\/geonetzwerk-muensterland.de\/wp-content\/uploads\/2025\/11\/20251114_Christopher-Britsch_GeoAI-for-Good_umweltrelevater-KI-EInsatz.pdf\" data-type=\"link\" data-id=\"https:\/\/geonetzwerk-muensterland.de\/wp-content\/uploads\/2025\/11\/20251114_Christopher-Britsch_GeoAI-for-Good_umweltrelevater-KI-EInsatz.pdf\">GeoAI for Good &#8211; umweltrelevanter KI-Einsatz<\/a> &#8211; Dr. Christopher Britsch (con terra GmbH)<\/li>\n\n\n\n<li><a href=\"https:\/\/geonetzwerk-muensterland.de\/wp-content\/uploads\/2025\/11\/20251114_Simon-Jirka_KI-unterstuetze-Suche-nach-Geodaten.pdf\" data-type=\"link\" data-id=\"https:\/\/geonetzwerk-muensterland.de\/wp-content\/uploads\/2025\/11\/20251114_Simon-Jirka_KI-unterstuetze-Suche-nach-Geodaten.pdf\">KI-unterst\u00fctzte Suche nach Geodaten<\/a> &#8211; Dr. Simon Jirka (52\u00b0 North)<\/li>\n\n\n\n<li><a href=\"https:\/\/geonetzwerk-muensterland.de\/wp-content\/uploads\/2025\/11\/20251114_Soenke-Mueller_Erfassung-und-Monitoring-urbaner-Vegetation.pdf\" data-type=\"link\" data-id=\"https:\/\/geonetzwerk-muensterland.de\/wp-content\/uploads\/2025\/11\/20251114_Soenke-Mueller_Erfassung-und-Monitoring-urbaner-Vegetation.pdf\">Erfassung und Monitoring urbaner Vergetation in kommunalen Digitalen Zwillingen mit Hilfe von KI und Fernerkundung<\/a> &#8211; Dr. S\u00f6nke M\u00fcller (EFTAS GmbH)<\/li>\n\n\n\n<li><a href=\"https:\/\/geonetzwerk-muensterland.de\/wp-content\/uploads\/2025\/11\/20251114_Felix-Erdmann_AI-Driven-Fahrradstadt.pdf\" data-type=\"link\" data-id=\"https:\/\/geonetzwerk-muensterland.de\/wp-content\/uploads\/2025\/11\/20251114_Felix-Erdmann_AI-Driven-Fahrradstadt.pdf\">AI-Driven Fahrradstadt &#8211; Citizen Science f\u00fcr die datengetriebene Verkehrswende<\/a> &#8211; Felix Erdmann (re:edu)<\/li>\n<\/ul>\n\n\n\n<h2 class=\"wp-block-heading\">Vortr\u00e4ge Thementag &#8222;Raum f\u00fcr Energie: Geodaten als Schl\u00fcssel zur Energiewende&#8220; (21.03.2025)<\/h2>\n\n\n\n<ul>\n<li><a href=\"https:\/\/geonetzwerk-muensterland.de\/wp-content\/uploads\/2025\/03\/20250321_Diana-Baecker_Energiewende_fuer-die-Region.pptx\" data-type=\"link\" data-id=\"https:\/\/geonetzwerk-muensterland.de\/wp-content\/uploads\/2025\/03\/20250321_Diana-Baecker_Energiewende_fuer-die-Region.pptx\">Energie(wende)_f\u00fcr die Region<\/a> &#8211; Diana B\u00e4cker (Stabstelle Energiewende, Bezirksregierung M\u00fcnster)<\/li>\n\n\n\n<li><a href=\"https:\/\/geonetzwerk-muensterland.de\/wp-content\/uploads\/2025\/04\/20250321_Prof-Michael-Rath_Zukunftsenergie.pdf\" data-type=\"attachment\" data-id=\"902\">Zukunftsenergien <\/a>&#8211; Prof. Dr. Michael Rath (Hochschule Bochum)<\/li>\n\n\n\n<li><a href=\"https:\/\/geonetzwerk-muensterland.de\/wp-content\/uploads\/2025\/04\/20250321_Carsten-Lehmann_Geodaten-mit-Tiefgang.pdf\" data-type=\"attachment\" data-id=\"898\">Geodaten mit Tiefgang: Wie 3D-Seismik die Zukunftsw\u00e4rme M\u00fcnsters mitgestalte<\/a>t &#8211; Carsten Lehmann (Stadtwerke M\u00fcnster)<\/li>\n\n\n\n<li><a href=\"https:\/\/geonetzwerk-muensterland.de\/wp-content\/uploads\/2025\/04\/20250321_Stefan-Kaup_STKA-Pipeline-und-Strom-Trassen-Planung.pdf\" data-type=\"attachment\" data-id=\"900\">Pipeline- und Strom-Trassen-Planung als Voraussetzung f\u00fcr die Energiewende<\/a> &#8211; Stefan Kaup (ESRI Deutschland)<\/li>\n\n\n\n<li><a href=\"https:\/\/geonetzwerk-muensterland.de\/wp-content\/uploads\/2025\/03\/20250321_Michael-Kasper_Geodatenbasierte-Raumwiderstandsanalyse.pdf\" data-type=\"link\" data-id=\"https:\/\/geonetzwerk-muensterland.de\/wp-content\/uploads\/2025\/03\/20250321_Michael-Kasper_Geodatenbasierte-Raumwiderstandsanalyse.pdf\">Geodatenbasierte Raumwiderstandsanalyse &#8211; Grundlage zur Trassenkorridorfindung einer 380 kV-Leitung im M\u00fcnsterland<\/a> &#8211; Michael Kasper (Kortemeier Brokmann Landschaftsarchitekten GmbH)<\/li>\n\n\n\n<li><a href=\"https:\/\/geonetzwerk-muensterland.de\/wp-content\/uploads\/2025\/03\/20250321_Tim-Luedtke_onlinePLANauskunft.pdf\" data-type=\"link\" data-id=\"https:\/\/geonetzwerk-muensterland.de\/wp-content\/uploads\/2025\/03\/20250321_Tim-Luedtke_onlinePLANauskunft.pdf\">onlinePLANauskunft &#8211; sicher und umfassend durch die Energiewende<\/a> &#8211; Tim L\u00fcdtke (GDS Geo Daten Service GmbH)<\/li>\n\n\n\n<li><a href=\"https:\/\/geonetzwerk-muensterland.de\/wp-content\/uploads\/2025\/03\/20250321_Hinnerk-Willenbrink_FHeat_Praesentation_Geonetzwerk_ML.pdf\" data-type=\"link\" data-id=\"https:\/\/geonetzwerk-muensterland.de\/wp-content\/uploads\/2025\/03\/20250321_Hinnerk-Willenbrink_FHeat_Praesentation_Geonetzwerk_ML.pdf\">F|Heat: W\u00e4rmeplanung mit OpenData durchf\u00fchren, fortschreiben und umsetzen<\/a> &#8211; Hinnerk Willenbrink (FH M\u00fcnster)<\/li>\n\n\n\n<li><a href=\"https:\/\/geonetzwerk-muensterland.de\/wp-content\/uploads\/2025\/03\/20250321_Uwe-Hebel_GIS-as-a-Self-Service.pptx\" data-type=\"link\" data-id=\"https:\/\/geonetzwerk-muensterland.de\/wp-content\/uploads\/2025\/03\/20250321_Uwe-Hebel_GIS-as-a-Self-Service.pptx\">GIS as a Service bei der GELSENWASSER AG<\/a> &#8211; Uwe Hebel (GELSENWASSER Energienetze GmbH)<\/li>\n<\/ul>\n\n\n\n<h2 class=\"wp-block-heading\">Vortr\u00e4ge Thementag &#8222;Das sind wir! &#8211; Fachliche Vielfalt f\u00fcr eine vernetzte Zukunft&#8220; (11.10.2024)<\/h2>\n\n\n\n<ul>\n<li><a href=\"https:\/\/geonetzwerk-muensterland.de\/wp-content\/uploads\/2024\/10\/20241011_Udo-Bertels_IBB.pdf\" data-type=\"attachment\" data-id=\"799\">Das Ingenieurb\u00fcro Bertels <\/a>&#8211; Herr Udo Bertels (Ingenieurb\u00fcro Bertels GmbH)<\/li>\n\n\n\n<li><a href=\"https:\/\/geonetzwerk-muensterland.de\/wp-content\/uploads\/2024\/10\/20241011_Achim-Wessling_NWSIB-Kreis-Coesfeld.pdf\" data-type=\"attachment\" data-id=\"800\">Digitaler Workflow Stra\u00dfenkontrolle und Schadensbeseitigung<\/a> &#8211; Herr Achim We\u00dfling (GIS Consult GmbH)<\/li>\n\n\n\n<li><a href=\"https:\/\/geonetzwerk-muensterland.de\/wp-content\/uploads\/2024\/10\/20241011_Sebastian-Dost_KomMonitor_Co-Design.pdf\" data-type=\"attachment\" data-id=\"801\">KomMonitor &#8211; Co-Design f\u00fcr kommunales Monitoring<\/a> &#8211; Herr Sebastian Drost (52\u00b0 North)<\/li>\n\n\n\n<li><a href=\"https:\/\/geonetzwerk-muensterland.de\/wp-content\/uploads\/2024\/10\/20241011_Eugen-Bitjukov_Modernisierung-von-laendlichen-Wegen_Foerderung.pdf\" data-type=\"attachment\" data-id=\"802\">Nutzung von F\u00f6rdermitteln f\u00fcr die Modernisierung von l\u00e4ndlichen Wegen<\/a> &#8211; Eugen Bitjukov (Ge-Komm GmbH)<\/li>\n\n\n\n<li><a href=\"https:\/\/geonetzwerk-muensterland.de\/wp-content\/uploads\/2024\/10\/20241011_Elke-Samake_Fachliche-Vielfalt-Kreis-Coesfeld.pdf\" data-type=\"attachment\" data-id=\"803\">Fachliche Vielfalt: Soziales &#8211; Wildunf\u00e4lle &#8211; 3D Geobasisdaten &#8211;<\/a> Frau Samake (Kreis Coesfeld)<\/li>\n\n\n\n<li><a href=\"https:\/\/geonetzwerk-muensterland.de\/wp-content\/uploads\/2024\/10\/20241011_Norbert-Dephoff_Urbane-Datenplattform-Muenster.pdf\" data-type=\"attachment\" data-id=\"804\">Werkstattbericht: Urbane Datenplattform<\/a> &#8211; Norbert Dephoff (Stadt M\u00fcnster)<\/li>\n\n\n\n<li><a href=\"https:\/\/storymaps.arcgis.com\/stories\/694d2ac3f1e142a09f4d5300ca50573c\">Digitaler Zwilling &#8211; vom BuzzWord zum Mehrwert<\/a> &#8211; Christoph Uhlenk\u00fcken (con terra GmbH)<\/li>\n\n\n\n<li><a href=\"https:\/\/geonetzwerk-muensterland.de\/wp-content\/uploads\/2024\/10\/20241011_Sven-Harpering_KI-in-ArcGIS.pdf\" data-type=\"attachment\" data-id=\"806\">Integration von KI in Esri-Technologie<\/a> &#8211; Sven Harpering (Esri Deutschland)<\/li>\n\n\n\n<li><a href=\"https:\/\/geonetzwerk-muensterland.de\/wp-content\/uploads\/2024\/10\/20241011_Prof.-Chris-Kray_Personenbezogene-Mobilitaetsdaten.pdf\" data-type=\"attachment\" data-id=\"807\">Personenbezogene Mobilit\u00e4tsdaten: aktuelle Forschung am Institut f\u00fcr <\/a>Geoinformatik &#8211; Prof. Dr. Christian Kray (ifgi Universit\u00e4t M\u00fcnster)<\/li>\n\n\n\n<li><a href=\"https:\/\/geonetzwerk-muensterland.de\/wp-content\/uploads\/2024\/10\/20241011_Sebastian-Walzog_OpenDataPortal-Kreis-Borken.pdf\" data-type=\"attachment\" data-id=\"808\">OpenData Portal: Verwendung von ArcGIS Hub als bedarfsorientierte Plattform<\/a> &#8211; Sebastian Walzog (Kreis Borken)<\/li>\n<\/ul>\n\n\n\n<h2 class=\"wp-block-heading\">Vortr\u00e4ge Thementag &#8222;Mobilit\u00e4t&#8220; (15.09.2023)<\/h2>\n\n\n\n<ul>\n<li><a href=\"https:\/\/geonetzwerk-muensterland.de\/wp-content\/uploads\/2023\/10\/01Masterplan_Mobilitaet_Muensterland.pdf\">Masterplan f\u00fcr Mobilit\u00e4t im M\u00fcnsterland<\/a> &#8211; Herr Malte Lammering (Zweckverband Mobilit\u00e4t M\u00fcnsterland)<\/li>\n\n\n\n<li><a href=\"https:\/\/geonetzwerk-muensterland.de\/wp-content\/uploads\/2023\/10\/02Intelligent_endeln.pdf\">Intelligent Pendeln (IIP): mit anonymisierten Mobilit\u00e4tsdaten verschiendene Verkehrsmittel intelligent Nutzen<\/a> &#8211; Prof. Dr. Christian Kray (Universit\u00e4t M\u00fcnster)<\/li>\n\n\n\n<li><a href=\"https:\/\/geonetzwerk-muensterland.de\/wp-content\/uploads\/2023\/10\/03Erstellung_kommunaler_Radverkehrkonzepte.pdf\">Erstellung kommunaler Radverkehrskonzepte<\/a> &#8211; Bernd Mende (Ge-Komm GmbH)<\/li>\n\n\n\n<li><a href=\"https:\/\/geonetzwerk-muensterland.de\/wp-content\/uploads\/2023\/10\/04Heute_nehme_ich_den_Bus.pdf\">Heute nehme ich den Bus! &#8211; Automatisierte Datenaufbereitung von Fahrplandaten und Bereitstellung von Live Bus-Positionen und Routing Funktionen \u00fcber Google maps<\/a> &#8211; Mark D\u00f6ring (con terra GmbH)<\/li>\n\n\n\n<li><a href=\"https:\/\/geonetzwerk-muensterland.de\/wp-content\/uploads\/2023\/10\/05Strassenmanagementportal_Basis_digitales_Tiefbauamt.pdf\">Stra\u00dfenmanagement als Basis f\u00fcr ein digitales Tiefbauamt<\/a>, Dietmar Hauling (GIS-Consult GmbH)<\/li>\n\n\n\n<li><a href=\"https:\/\/geonetzwerk-muensterland.de\/wp-content\/uploads\/2023\/10\/06SchwerlastverkehrKonzeptKreisHerford.pdf\">Schwerlastverkehr-Konzept Kreis Herford<\/a> &#8211; Muhammed Akhter (Bockermann Fritze IngenieurConsult GmbH)<\/li>\n<\/ul>\n\n\n\n<h2 class=\"wp-block-heading\">Vortr\u00e4ge Thementag &#8222;XPlanung \/ XBau&#8220; (30.08.2019)<\/h2>\n\n\n\n<ul>\n<li><a href=\"https:\/\/geonetzwerk-muensterland.de\/wp-content\/uploads\/2019\/09\/1_XPlanung_XBau_-Einfuehrung.pdf\" data-type=\"attachment\" data-id=\"433\">XPlanung und XBau \u2013 Einf\u00fchrung<\/a> \u2013 Frau Annette Vogels (Stadt Hilden) <\/li>\n\n\n\n<li><a href=\"https:\/\/geonetzwerk-muensterland.de\/wp-content\/uploads\/2019\/09\/2_Pilotprojekt_Digitales_Bauamt.pdf\" data-type=\"attachment\" data-id=\"434\">Pilotprojekt Digitales Bauamt<\/a> \u2013 Herr Sigurd Peitz (Kreis Warendorf) <\/li>\n\n\n\n<li><a href=\"https:\/\/geonetzwerk-muensterland.de\/wp-content\/uploads\/2019\/09\/3_Analoge_Plaene_im_digitalen_Gewand.pdf\" data-type=\"attachment\" data-id=\"435\">Analoge Pl\u00e4ne in digitalem Gewand \u2013 Bereitstellung von Bauleitpl\u00e4nen in XPlanGML und INSPIRE GM<\/a><a href=\"http:\/\/gis.kreis-steinfurt.de\/wordpress\/wp-content\/uploads\/2019\/09\/3_Analoge_Plaene_im_digitalen_Gewand.pdf\">L<\/a> \u2013 Herr Bengt M\u00fcller (con terra GmbH) <\/li>\n\n\n\n<li><a href=\"https:\/\/geonetzwerk-muensterland.de\/wp-content\/uploads\/2019\/09\/4_XPlanung_Erstellung_Bauleitplaene.pdf\" data-type=\"attachment\" data-id=\"439\">X-Planung im Rahmen der Erstellung der Bauleitplanung<\/a> \u2013 Frau Kleine-Heitmeyer \/ Herr Wiermann (Ingenieurb\u00fcro Hans Tovar &amp; Partner GbR) <\/li>\n\n\n\n<li><a href=\"https:\/\/geonetzwerk-muensterland.de\/wp-content\/uploads\/2019\/09\/5_XPlanung-mit-GeoOffice.pdf\" data-type=\"attachment\" data-id=\"442\">XPlanung mit GeoOffice<\/a> \u2013 Herr Jan Heimbach (AED-SYNERGIS GmbH) <\/li>\n<\/ul>\n\n\n\n<h2 class=\"wp-block-heading\">Vortr\u00e4ge Thementag \u201eUAV\/Drohne\u201c (23.11.2018)<\/h2>\n\n\n\n<ul>\n<li>&#8222;<a href=\"https:\/\/geonetzwerk-muensterland.de\/wp-content\/uploads\/2019\/05\/Geonetzwerk_MSL_Drohne_ABK.pdf\" data-type=\"attachment\" data-id=\"329\" target=\"_blank\" rel=\"noreferrer noopener\">Einsatz von Multikoptern zur Fortf\u00fchrung der Amtlichen Basiskarte am praktischen Beispiel \u201cOlfen \u2013 Steverau\u201d<\/a>&#8220; (Herr Homoet, \u00d6BVI &amp; Herr Wewers, Kreis Coesfeld)<\/li>\n\n\n\n<li>&#8222;<a href=\"https:\/\/geonetzwerk-muensterland.de\/wp-content\/uploads\/2019\/05\/Geonetzwerk_MSL_Drohne_BauwerksVermessung-komprimiert.pdf\" data-type=\"attachment\" data-id=\"367\">Bauwerksinspektionen und Vermessungsleistungen mit dem Multicopter<\/a>&#8220; (Udo Bertels, Ing. B\u00fcro Bertels GmbH)<\/li>\n\n\n\n<li>&#8222;<a href=\"https:\/\/geonetzwerk-muensterland.de\/wp-content\/uploads\/2019\/05\/Geonetzwerk_MSL_Drohne_UAV_Projekt_Borken.pdf\" data-type=\"attachment\" data-id=\"330\" target=\"_blank\" rel=\"noreferrer noopener\">Projektbericht \u00fcber einen Drohnen Befliegungstest inkl. Auswertung und Analyse der Daten<\/a>&#8220; (Herr Harpering, ESRI Deutschland GmbH &amp; Herr Walzog, Kreis  Borken)<\/li>\n<\/ul>\n\n\n\n<h2 class=\"wp-block-heading\">Vortr\u00e4ge Thementag \u201eCopernicus\u201c (27.4.2018)<\/h2>\n\n\n\n<ul>\n<li>&#8222;<a href=\"https:\/\/geonetzwerk-muensterland.de\/wp-content\/uploads\/2019\/05\/1_Geonetzwerk_MSL_Copernicus_Einf\u00fchrung.pdf\" data-type=\"attachment\" data-id=\"331\">Die Copernicus Geodateninfrastruktur<\/a>&#8220; (Prof. Dr. Albert Remke, Esri Deutschland Group GmbH, 52\u00b0North, ifgi Uni M\u00fcnster) <\/li>\n\n\n\n<li>&#8222;<a href=\"https:\/\/geonetzwerk-muensterland.de\/wp-content\/uploads\/2019\/05\/2_Geonetzwerk_MSL_Copernicus_ArcGIS_Plattform.pdf\" data-type=\"attachment\" data-id=\"332\">Copernicus Bilddatenverarbeitung auf der ArcGIS Plattform im Kontext von Geodateninfrastrukturen<\/a>&#8220; (Dr. Thore Fechner &amp; Rico Illes, con terra GmbH) <\/li>\n\n\n\n<li>&#8222;<a href=\"https:\/\/geonetzwerk-muensterland.de\/wp-content\/uploads\/2019\/05\/3_Geonetzwerk_MSL_Coperincus_ABK.pdf\">Nutzung von Copernicus zur Aktualisierung der Amtlichen Basiskarte&nbsp; \u2013 Konzept und erste Ergebnisse am Bsp. Kreis Warendorf<\/a>&#8220; (Dr. Andreas Mueterthies, EFTAS GmbH &amp; Jens Hinrichs, Kreis Warendorf) <\/li>\n\n\n\n<li>&#8222;<a href=\"https:\/\/geonetzwerk-muensterland.de\/wp-content\/uploads\/2019\/05\/4_Geonetzwerk_MSL_Copernicus_Umweltmonitoring.pdf\" data-type=\"attachment\" data-id=\"334\">Copernicus @work: Natur- und Umweltmonitoring im LANUV<\/a>&#8220; (Dr. Dirk Hinterlang, LANUV NW \u2013 Landesamt f\u00fcr Natur, Umwelt und Verbraucherschutz Nordrhein-Westfalen) <\/li>\n<\/ul>\n\n\n\n<h2 class=\"wp-block-heading\">Vortr\u00e4ge Thementag \u201e3D\u201c (17.11.2017)<\/h2>\n\n\n\n<ul>\n<li>&#8222;<a href=\"https:\/\/geonetzwerk-muensterland.de\/wp-content\/uploads\/2019\/05\/3D-Stadtmodelle-in-der-Kommunalveraltung.pdf\" data-type=\"attachment\" data-id=\"338\">3D Stadtmodelle in der Kommunalverwaltung&nbsp; am Beispiel der Stadt Bochol<\/a><a href=\"http:\/\/gis.kreis-steinfurt.de\/wordpress\/wp-content\/uploads\/2019\/05\/3D-Stadtmodelle-in-der-Kommunalveraltung.pdf\">t<\/a>&#8220; (Reinhard Spatzier, FB Frundst\u00fccks- und Bodenwirtschaft)<\/li>\n\n\n\n<li>&#8222;<a href=\"https:\/\/geonetzwerk-muensterland.de\/wp-content\/uploads\/2019\/05\/3DGeonetzwerk_CityGML_WebVisualisierung.pdf\" data-type=\"attachment\" data-id=\"336\">CityGML Daten als Grundlage f\u00fcr webbasierte Visualisierungen<\/a>&#8220; (Christian Dahmen &amp; Christoph Uhlenk\u00fcken, conterra GmbH)<\/li>\n\n\n\n<li>&#8222;<a href=\"https:\/\/geonetzwerk-muensterland.de\/wp-content\/uploads\/2019\/05\/3DProduktion_Bereitstellung_3D_Geobasisdaten.pdf\" data-type=\"attachment\" data-id=\"337\">Produktion und Bereitstellung von 3D-Geobasisdaten beim Land NRW und Vertrieb \u00fcber deutschlandweite Stellen<\/a>&#8220; (Marco Oestereich, Bezirksregierung K\u00f6ln)<\/li>\n\n\n\n<li>&#8222;<a href=\"https:\/\/geonetzwerk-muensterland.de\/wp-content\/uploads\/2019\/05\/SmartCities_GIS_Loesungsbausteine-komprimiert.pdf\" data-type=\"attachment\" data-id=\"362\">SmartCities \u2013 nachhaltige GIS-L\u00f6sungsbausteine<\/a>&#8220; (Prof. Dr. J. Schaller, Esri Deutschland GmbH)<\/li>\n\n\n\n<li>&#8222;<a href=\"https:\/\/geonetzwerk-muensterland.de\/wp-content\/uploads\/2019\/05\/3DStadtmodelle.pdf\" data-type=\"attachment\" data-id=\"335\">3D Stadtmodelle \u2013 Eine Standortbestimmung<\/a>&#8220; (Dr.-Ing. Egbert Casper, SIG3D)<\/li>\n<\/ul>\n\n\n\n<h2 class=\"wp-block-heading\">Vortr\u00e4ge vom Geodatentag 2017<\/h2>\n\n\n\n<ul>\n<li>&#8222;<a href=\"https:\/\/geonetzwerk-muensterland.de\/wp-content\/uploads\/2019\/05\/GT_2017_BezRegMS-Focke-Vogt-Kl\u00fcnker-Hochw-Arbeits-gesamt-org.pdf\" data-type=\"attachment\" data-id=\"266\">Vom Hochwasser- bis zum Arbeitsschutz, Geodaten und digitale Prozesse in der Bezirksregierung M\u00fcns<\/a><a href=\"http:\/\/gis.kreis-steinfurt.de\/wordpress\/wp-content\/uploads\/2019\/05\/GT_2017_BezRegMS-Focke-Vogt-Kl%C3%BCnker-Hochw-Arbeits-gesamt-org.pdf\">ter<\/a>&#8220; (Robert Focke, Dieter Kluenker, Burkhard Vogt, BezReg M\u00fcnster)<\/li>\n\n\n\n<li>&#8222;<a href=\"https:\/\/geonetzwerk-muensterland.de\/wp-content\/uploads\/2019\/05\/GT_2017_DVW_Wizesarsky_Landentwicklung-4-0-V\u00d6.pdf\" data-type=\"attachment\" data-id=\"267\">Landentwicklung <\/a><a href=\"https:\/\/geonetzwerk-muensterland.de\/wp-content\/uploads\/2019\/05\/GT_2017_DVW_Wizesarsky_Landentwicklung-4-0-V\u00d6.pdf\">4.0 &#8211; Einsatz neuer Technologien in der Flurbereinigung<\/a>&#8220; (Andreas Wizesarsky, 25\u00b0North GmbH)<\/li>\n\n\n\n<li>&#8222;<a href=\"https:\/\/geonetzwerk-muensterland.de\/wp-content\/uploads\/2019\/05\/GT_2017_GDS-Heisterkamp-Digitalisierung-von-Arbeitsprozessen-GDS-Geotag-Muensterland-2017-2.pdf\" data-type=\"attachment\" data-id=\"268\">Digitalisierung von Arbeitsprozessen am Beispiel eines Abwassernetzes &#8211; Rechtliche technische &#8211; betriebwirtschaftliche Anforderungen<\/a>&#8220; (Reinhold Heisterkamp, GDS)<\/li>\n\n\n\n<li>&#8222;<a href=\"https:\/\/geonetzwerk-muensterland.de\/wp-content\/uploads\/2019\/05\/GT_2017_Geobasis-NRW-Elsner-Bereitstellung-offener-Geobasisdaten-2017_Handout.pdf\" data-type=\"attachment\" data-id=\"270\">Open Data &#8211; Digitale Geobasis NRW<\/a>&#8220; (Christian Elsner, Geobasis NRW)<\/li>\n\n\n\n<li>&#8222;<a href=\"http:\/\/gis.kreis-steinfurt.de\/wordpress\/wp-content\/uploads\/2019\/05\/GT_2017_GIS-Consult-Hauling-GIS-basierte-Baumkontrolle-und-Ma\u00dfnahmendokumentation.pdf\">GIS-basierte <\/a><a href=\"https:\/\/geonetzwerk-muensterland.de\/wp-content\/uploads\/2019\/05\/GT_2017_GIS-Consult-Hauling-GIS-basierte-Baumkontrolle-und-Ma\u00dfnahmendokumentation.pdf\" data-type=\"attachment\" data-id=\"271\">Baumkontrolle <\/a><a href=\"https:\/\/geonetzwerk-muensterland.de\/wp-content\/uploads\/2019\/05\/GT_2017_GIS-Consult-Hauling-GIS-basierte-Baumkontrolle-und-Ma\u00dfnahmendokumentation.pdf\">und Ma\u00dfnahmendokumentation<\/a>&#8220; (Dietmar Hauling, GIS-Consult)<\/li>\n\n\n\n<li>&#8222;<a href=\"https:\/\/geonetzwerk-muensterland.de\/wp-content\/uploads\/2019\/05\/GT_2017_Ge-Komm-GmbH_Mende_Geotag-M\u00fcnsterland-2017.pdf\" data-type=\"attachment\" data-id=\"269\">B\u00fcrgerbeteiligung braucht neue, zeitgem\u00e4\u00dfe GIS-basierte Wege!<\/a>&#8220; (Bernd Mende, Ge-Komm GmbH)<\/li>\n<\/ul>\n","protected":false},"excerpt":{"rendered":"<p>Vortr\u00e4ge Thementag &#8222;KI in der Geoinformation &#8211; Potenziale, Praxis &amp; Perspektiven&#8220; (14.11.2025) Vortr\u00e4ge Thementag &#8222;Raum f\u00fcr Energie: Geodaten als Schl\u00fcssel zur Energiewende&#8220; (21.03.2025) Vortr\u00e4ge&#8230;<\/p>\n","protected":false},"author":2,"featured_media":0,"parent":0,"menu_order":0,"comment_status":"closed","ping_status":"closed","template":"","meta":{"footnotes":""},"_links":{"self":[{"href":"https:\/\/geonetzwerk-muensterland.de\/index.php?rest_route=\/wp\/v2\/pages\/229"}],"collection":[{"href":"https:\/\/geonetzwerk-muensterland.de\/index.php?rest_route=\/wp\/v2\/pages"}],"about":[{"href":"https:\/\/geonetzwerk-muensterland.de\/index.php?rest_route=\/wp\/v2\/types\/page"}],"author":[{"embeddable":true,"href":"https:\/\/geonetzwerk-muensterland.de\/index.php?rest_route=\/wp\/v2\/users\/2"}],"replies":[{"embeddable":true,"href":"https:\/\/geonetzwerk-muensterland.de\/index.php?rest_route=%2Fwp%2Fv2%2Fcomments&post=229"}],"version-history":[{"count":62,"href":"https:\/\/geonetzwerk-muensterland.de\/index.php?rest_route=\/wp\/v2\/pages\/229\/revisions"}],"predecessor-version":[{"id":997,"href":"https:\/\/geonetzwerk-muensterland.de\/index.php?rest_route=\/wp\/v2\/pages\/229\/revisions\/997"}],"wp:attachment":[{"href":"https:\/\/geonetzwerk-muensterland.de\/index.php?rest_route=%2Fwp%2Fv2%2Fmedia&parent=229"}],"curies":[{"name":"wp","href":"https:\/\/api.w.org\/{rel}","templated":true}]}}