{"id":119,"date":"2019-05-23T08:14:01","date_gmt":"2019-05-23T06:14:01","guid":{"rendered":"http:\/\/gis.kreis-steinfurt.de\/wordpress\/?page_id=119"},"modified":"2019-08-01T12:14:49","modified_gmt":"2019-08-01T10:14:49","slug":"datenschutz","status":"publish","type":"page","link":"https:\/\/geonetzwerk-muensterland.de\/?page_id=119","title":{"rendered":"Datenschutz"},"content":{"rendered":"\n<h3 class=\"wp-block-heading\">Datenschutzerkl\u00e4rung<\/h3>\n\n\n\n<p>Der Schutz Ihrer Privatsph\u00e4re ist uns ein wichtiges Anliegen. Deshalb m\u00f6chten wir Sie eindringlich bitten, die nachfolgende Zusammenfassung \u00fcber die Funktionsweise unserer Webseite <a href=\"http:\/\/www.geonetzwerk-muensterland.de\">www.geonetzwerk-muensterland.de<\/a> aufmerksam zu lesen.<\/p>\n\n\n\n<p>Die hier aufgef\u00fchrte Datenschutzerkl\u00e4rung entspricht den Vorgaben der DSGVO und des BDSG sowie des DSG NRW. Sie soll \u00fcber die Art, den Zweck und die Verwendung personenbezogener Daten informieren.<\/p>\n\n\n\n<p>Obwohl\nunsere Seite mit verschieden Sicherheitsvorkehrungen ausgestattet ist, kann\nkein vollst\u00e4ndiger Schutz Ihrer Daten gew\u00e4hrleistet werden, da\nSicherheitsl\u00fccken im Internet nicht ausgeschlossen werden k\u00f6nnen. Sollten Sie\nAnliegen bzgl. Ihrer Daten haben, finden Sie am Ende des Textes die\nentsprechenden Kontaktdaten der Ansprechpartner.<\/p>\n\n\n\n<h3 class=\"wp-block-heading\">Personenbezogene Daten<\/h3>\n\n\n\n<p>Die\nFunktion und die Kommunikation unseres Services sind auf die Daten unserer\nNutzer angewiesen. Dabei sind personenbezogene Daten besonders sensibel \u2013 dies\nmeint alle Informationen, welche sich eindeutig auf eine bestimmte, nat\u00fcrliche\nPerson zur\u00fcckf\u00fchren lassen. Laut DSGVO besteht f\u00fcr uns die Verpflichtung, den\ngesamten Umfang aller derartigen Daten aufzulisten.<\/p>\n\n\n\n<p>Ihre Daten werden zum einen dadurch erhoben,\ndass Sie uns diese mitteilen, andere Daten werden automatisch durch unsere\nIT-Systeme erfasst, sobald Sie unsere Webseite betreten.<\/p>\n\n\n\n<p>Durch die\nNutzung unserer Seite werden \u2013 je nachdem, welchen\nService Sie nutzen \u2013 folgende personenbezogene Daten nach DSGVO erhoben,\nwozu Sie mit dem Besuch\nunserer Website gem\u00e4\u00df Art. 6 Abs. 1 lit. a DSGVO Ihre Einwilligung erteilt\nhaben.<\/p>\n\n\n\n<ul><li>Vor- und Zuname<\/li><li>Anschrift<\/li><li>Geburtsdatum<\/li><li>E-Mail-Adresse<\/li><li>IP-Adresse<\/li><li>Firma\/Beh\u00f6rde<\/li><li>Telefonnummer<\/li><li>Situationsspezifische Daten (z.B. bei der Anmeldung zu zu den Themen- bzw. Geotagen<\/li><\/ul>\n\n\n\n<p>Diese\nDaten fallen an, wenn Sie folgende Funktionen benutzen:<\/p>\n\n\n\n<ul><li>E-Mail Kontakt<\/li><\/ul>\n\n\n\n<p>Wir versichern, dass diese Daten ausschlie\u00dflich dem Funktionieren, der statistischen Auswertung und der Verbesserung unseres Angebotes dienen. Laut geltenden Vorschriften werden diese Daten nur f\u00fcr die Zeit erhoben, wie Sie unseren Service nutzen. Die gesetzlich geltenden L\u00f6schvorschriften werden eingehalten.<\/p>\n\n\n\n<h3 class=\"wp-block-heading\">Log-Dateien<\/h3>\n\n\n\n<p>Eine\nLogdatei wird im Zuge eines automatischen Protokolls des verarbeitenden\nComputersystems erstellt. Das bedeutet, dass Informationen betreffend Ihres\nverwendeten Endger\u00e4tes als Logfiles auf einem Server festgehalten werden.<\/p>\n\n\n\n<p>Auch wir\nf\u00fchren eine Log-Dateienanalyse durch. Unser Webserver\nerhebt und speichert automatisch Informationen in so genannten\nServer-Log-Dateien, die Ihr Browser automatisch an uns \u00fcbermittelt. Dies sind:<\/p>\n\n\n\n<ul><li>Name der abgerufenen Datei bzw.\nAngebotsseite (URL)<\/li><li>Datum und Uhrzeit der Anforderung<\/li><li>\u00dcbermittelte Datenmenge<\/li><li>Browsertyp\/Browserversion<\/li><li>Verwendetes Betriebssystem<\/li><li>Referrer URL<\/li><li>Zugriffsstatus (\u00fcbermittelt, nicht gefunden,\netc.)<\/li><\/ul>\n\n\n\n<p>Auch hier\ndienen die erhobenen Daten lediglich der Verbesserung unseres Angebotes.\n Der Betreiber darf Server-Logfiles nur dann l\u00e4nger speichern,\nherausgeben oder nachtr\u00e4glich auf diese zugreifen, wenn dies im \nrechtlichen\nRahmen gestattet ist (z.B. bei Verdacht auf rechtswidrige Aktivit\u00e4ten).<\/p>\n\n\n\n<h3 class=\"wp-block-heading\">Cookies<\/h3>\n\n\n\n<p>Die Internetseiten verwenden teilweise so genannte Cookies. Cookies richten\nauf Ihrem Rechner keinen Schaden an und enthalten keine Viren. Cookies dienen\ndazu, unser Angebot nutzerfreundlicher, effektiver und sicherer zu machen.\nCookies sind kleine Textdateien, die auf Ihrem Rechner abgelegt werden und die\nIhr Browser speichert.<\/p>\n\n\n\n<p>Die meisten der von uns verwendeten Cookies sind so genannte\n\u201cSession-Cookies\u201d. Sie werden nach Ende Ihres Besuchs automatisch gel\u00f6scht.\nAndere Cookies bleiben auf Ihrem Endger\u00e4t gespeichert bis Sie diese l\u00f6schen.\nDiese Cookies erm\u00f6glichen es uns, Ihren Browser beim n\u00e4chsten Besuch\nwiederzuerkennen.<\/p>\n\n\n\n<p>Bei der Nutzung fremder Inhalte \u00fcber <a href=\"http:\/\/www.geonetzwerk-muensterland.de\">www.geonetzwerk-muensterland.de<\/a> z.B. im Fall einer Verlinkung k\u00f6nnen gegebenenfalls <a rel=\"noreferrer noopener\" href=\"https:\/\/support.mozilla.org\/de\/kb\/Cookies-von-Drittanbietern-blockieren\" target=\"_blank\">Cookies von Drittanbietern<\/a> zum Einsatz kommen, ohne dass wir Sie ausdr\u00fccklich darauf hinweisen k\u00f6nnen.<\/p>\n\n\n\n<p>Sie k\u00f6nnen Ihren Browser so einstellen, dass Sie \u00fcber das Setzen von\nCookies informiert werden und Cookies nur im Einzelfall erlauben, die Annahme\nvon Cookies f\u00fcr bestimmte F\u00e4lle oder generell ausschlie\u00dfen sowie das\nautomatische L\u00f6schen der Cookies beim Schlie\u00dfen des Browsers aktivieren. Bei\nder Deaktivierung von Cookies kann die Funktionalit\u00e4t dieser Website\neingeschr\u00e4nkt sein. (Hinweise zum Umgang mit Cookies siehe <a href=\"https:\/\/www.verbraucher-sicher-online.de\/thema\/cookies\" target=\"_blank\" rel=\"noreferrer noopener\">https:\/\/www.verbraucher-sicher-online.de\/thema\/cookies<\/a>)<\/p>\n\n\n\n<p>Cookies, die zur Durchf\u00fchrung des elektronischen Kommunikationsvorgangs\noder zur Bereitstellung bestimmter, von Ihnen erw\u00fcnschter Funktionen\nerforderlich sind, werden auf Grundlage von Art. 6 Abs. 1 lit. f DSGVO\ngespeichert. Der Websitebetreiber hat ein berechtigtes Interesse an der\nSpeicherung von Cookies zur technisch fehlerfreien und optimierten\nBereitstellung seiner Dienste. Soweit andere Cookies (z.B. Cookies zur Analyse\nIhres Surfverhaltens) gespeichert werden, werden diese in dieser\nDatenschutzerkl\u00e4rung gesondert behandelt.<\/p>\n\n\n\n<h3 class=\"wp-block-heading\">Newsletter und Abonnements<\/h3>\n\n\n\n<p>Wenn wir\neinen Newsletter an die hinterlegten E-Mail-Adressen unserer Nutzer senden,\nspeichern wir entsprechende E-Mail-Adressen ab. Wenn Sie dies nicht mehr\nw\u00fcnschen, k\u00f6nnen Sie sich jederzeit unter dem im\nNewsletter angegebenen Link bzw. unter der im Newsletter angegebenen Adresse von der Zusendung des\nNewsletters abmelden. Ihre E-Mail-Adresse wird dann unverz\u00fcglich aus dem\nVerteiler gel\u00f6scht.<\/p>\n\n\n\n<h3 class=\"wp-block-heading\">Webanalysedienste<\/h3>\n\n\n\n<p>Diese Seite verwendet Google Analytics. Dieser\nDienst erm\u00f6glicht es uns, durch Erstellen von Reports die Nutzung unserer\nWebseite nachzuvollziehen und somit unser Angebot auf die Nachfragen der\nBenutzer anzupassen. Laut Vorlagen der Datenschutzerkl\u00e4rung sind wir\nverpflichtet, Sie \u00fcber die Arbeitsweise dieses Dienstes aufzukl\u00e4ren.<\/p>\n\n\n\n<p>Google Analytics setzt eigene Cookies, welche\nerfasste Daten in der Regel an einen Server in den USA \u00fcbertr\u00e4gt und dort\nspeichert.<\/p>\n\n\n\n<p>Daten, welche von Google Analytics generiert\nwerden, umfassen:<\/p>\n\n\n\n<ul><li>Art des Browsers plus dessen Version<\/li><li>Das Betriebssystem, welches Sie verwenden<\/li><li>Wie lange Sie auf unserer Seite bleiben<\/li><li>Die zuvor besuchte Webseite (z.B. Google, Bing, etc.)<\/li><li>Ihre IP-Adresse (diese wird jedoch <strong>anonymisiert<\/strong>!)<br><\/li><\/ul>\n\n\n\n<p>Wir haben Google Analytics zudem den geltenden\ngesetzlichen Vorschriften zum Datenschutz angepasst. Sollten Sie Ihre\nIP-Adresse anonymisiert haben, dann wird diese in der Regel vor Verlassen des\neurop\u00e4ischen Wirtschaftsraumes gek\u00fcrzt.<\/p>\n\n\n\n<p>M\u00f6chten Sie die betreffenden Cookies\ndeaktivieren, finden Sie unter folgendem Link ein entsprechendes\nBrowser-Plugin: <a href=\"https:\/\/tools.google.com\/dlpage\/gaoptout?hl=de\" target=\"_blank\" rel=\"noreferrer noopener\">https:\/\/tools.google.com\/dlpage\/gaoptout?hl=de<\/a> <br><\/p>\n\n\n\n<p>Wenn Sie gar keine Erfassung Ihrer Daten durch\nGoogle Analytics w\u00fcnschen, k\u00f6nnen Sie \u00fcber den folgenden Link einen\nOpt-Out-Cookie setzen, welcher eine zuk\u00fcnftige Erfassung von Informationen\nverhindert:<br><a href=\"javascript:gaOptout()\">Google Analytics deaktivieren<\/a><\/p>\n\n\n\n<p>N\u00e4here Informationen zu der Arbeitsweise des\nProgrammes selbst k\u00f6nnen finden Sie hier: <a href=\"https:\/\/policies.google.com\/privacy\" target=\"_blank\" rel=\"noreferrer noopener\">Datenschutzerkl\u00e4rung Google<\/a><br><\/p>\n\n\n\n<h3 class=\"wp-block-heading\">Datenweitergabe an Dritte<\/h3>\n\n\n\n<p>Grunds\u00e4tzlich\nwerden Ihre Daten von uns nicht an Dritte vermittelt. Au\u00dferdem stellen wir\ndurch entsprechende Ma\u00dfnahmen und regelm\u00e4\u00dfige Kontrollen sicher, dass die von\nuns erhobenen Daten nicht durch Dritte von au\u00dfen eingesehen oder abgegriffen\nwerden k\u00f6nnen.<\/p>\n\n\n\n<h3 class=\"wp-block-heading\">Ihre Rechte<\/h3>\n\n\n\n<p>Selbstverst\u00e4ndlich\nhaben Sie in Bezug auf die Erhebung Ihrer Daten Rechte. Laut geltendem Gesetz\nsind wir dazu verpflichtet, Sie \u00fcber dieselben aufzukl\u00e4ren. Die Inanspruchnahme\nund Durchf\u00fchrung dieser Rechte ist f\u00fcr Sie kostenlos.<\/p>\n\n\n\n<h3 class=\"wp-block-heading\">Widerrufsrecht<\/h3>\n\n\n\n<p>Sie haben das Recht, Ihre Einwilligung bzgl. der Erhebung von Daten, die in Zusammenhang mit der Nutzung unserer Internetseite entstanden sind, jederzeit zu widerrufen. Dieses Recht gilt mit Wirkung f\u00fcr die Zukunft. Die Rechtm\u00e4\u00dfigkeit der bereits erfolgten Datenverarbeitungsvorg\u00e4nge bleibt hiervon unber\u00fchrt. Schreiben Sie uns eine entsprechende E-Mail, wenn Sie von Ihrem Widerrufsrecht Gebrauch machen m\u00f6chten.<\/p>\n\n\n\n<h3 class=\"wp-block-heading\">Recht auf Daten\u00fcbertragbarkeit<\/h3>\n\n\n\n<p>Sie haben\ndas Recht, eine \u00dcbertragung Ihrer Daten von uns auf eine andere Stelle zu\nbeantragen.<\/p>\n\n\n\n<h3 class=\"wp-block-heading\">Auskunftsrecht<\/h3>\n\n\n\n<p>Sie haben\ndas Recht, von uns eine Best\u00e4tigung zu verlangen, ob und wie wir\npersonenbezogene Daten von Ihnen beziehen. Dieses Recht ist durch die\nvorliegende Datenschutzerkl\u00e4rung realisiert. Zus\u00e4tzlich k\u00f6nnen Sie eine\nelektronische Auskunft anfordern.<\/p>\n\n\n\n<h3 class=\"wp-block-heading\">Recht auf Berichtigung, L\u00f6schung oder Sperrung<\/h3>\n\n\n\n<p>Sie haben\ndas Recht, Ihre Daten berichtigen, l\u00f6schen oder sperren zu lassen. Letzteres\nkommt zur Anwendung, wenn die gesetzliche Lage eine L\u00f6schung nicht zul\u00e4sst.<\/p>\n\n\n\n<h3 class=\"wp-block-heading\">Beschwerderecht<\/h3>\n\n\n\n<p>Sie haben\ndas Recht, sich bei einer Aufsichtsbeh\u00f6rde bzw. einer zust\u00e4ndigen Stelle zu\nbeschweren, insofern Sie einen Grund zur Beanstandung haben sollten. F\u00fcr die Inanspruchnahme dieses\nRechts wenden Sie sich bitte an die:<\/p>\n\n\n\n<p>Landesbeauftragte f\u00fcr\nDatenschutz und Informationssicherheit Nordrhein-Westfalen<br>Kavalleriestra\u00dfe 2-4<br>40213 D\u00fcsseldorf<br>Tel.: 0211\/38424-0<br>Fax: 0211\/38424-10<br>E-Mail:\n<a href=\"mailto:poststelle@ldi.nrw.de\">poststelle@ldi.nrw.de<\/a><\/p>\n\n\n\n<h3 class=\"wp-block-heading\">Verantwortlich f\u00fcr die Datenerhebung<\/h3>\n\n\n\n<p>F\u00fcr Fragen, Auskunftsersuche, Antr\u00e4ge, Beschwerden oder Kritik hinsichtlich unseres Datenschutzes k\u00f6nnen Sie sich an folgende Stelle wenden:<br> <br>Geonetzwerk M\u00fcnsterland<br>Sprecher des Lenkungskreises<br>Tecklenburger Stra\u00dfe 10,  48565 Steinfurt<\/p>\n\n\n\n<h3 class=\"wp-block-heading\">Datenschutzbeauftragte\/r<\/h3>\n\n\n\n<p>Wenn Sie Anliegen hinsichtlich der Verarbeitung Ihrer pers\u00f6nlichen Daten haben, melden Sie sich gerne beim Geodatenmanagement des Kreises Steinfurt.<\/p>\n\n\n\n<p>Kreis Steinfurt<br>Geodatenmangement<br>48565 Steinfurt<br><a href=\"mailto:datenschutz@kreis-steinfurt.de\">gdm@kreis-steinfurt.de<\/a><\/p>\n\n\n\n<h3 class=\"wp-block-heading\">\u00c4nderung der Datenschutzerkl\u00e4rung<\/h3>\n\n\n\n<p>Wir als\nVerantwortliche behalten es uns vor, die Datenschutzerkl\u00e4rung jederzeit im\nHinblick auf geltende Datenschutzvorschriften zu ver\u00e4ndern. <br><\/p>\n\n\n\n<p><strong>Derzeitiger\nStand ist (Mai 2018).<\/strong><\/p>\n","protected":false},"excerpt":{"rendered":"<p>Datenschutzerkl\u00e4rung Der Schutz Ihrer Privatsph\u00e4re ist uns ein wichtiges Anliegen. Deshalb m\u00f6chten wir Sie eindringlich bitten, die nachfolgende Zusammenfassung \u00fcber die Funktionsweise unserer Webseite&#8230;<\/p>\n","protected":false},"author":2,"featured_media":0,"parent":0,"menu_order":0,"comment_status":"closed","ping_status":"closed","template":"","meta":{"footnotes":""},"_links":{"self":[{"href":"https:\/\/geonetzwerk-muensterland.de\/index.php?rest_route=\/wp\/v2\/pages\/119"}],"collection":[{"href":"https:\/\/geonetzwerk-muensterland.de\/index.php?rest_route=\/wp\/v2\/pages"}],"about":[{"href":"https:\/\/geonetzwerk-muensterland.de\/index.php?rest_route=\/wp\/v2\/types\/page"}],"author":[{"embeddable":true,"href":"https:\/\/geonetzwerk-muensterland.de\/index.php?rest_route=\/wp\/v2\/users\/2"}],"replies":[{"embeddable":true,"href":"https:\/\/geonetzwerk-muensterland.de\/index.php?rest_route=%2Fwp%2Fv2%2Fcomments&post=119"}],"version-history":[{"count":10,"href":"https:\/\/geonetzwerk-muensterland.de\/index.php?rest_route=\/wp\/v2\/pages\/119\/revisions"}],"predecessor-version":[{"id":422,"href":"https:\/\/geonetzwerk-muensterland.de\/index.php?rest_route=\/wp\/v2\/pages\/119\/revisions\/422"}],"wp:attachment":[{"href":"https:\/\/geonetzwerk-muensterland.de\/index.php?rest_route=%2Fwp%2Fv2%2Fmedia&parent=119"}],"curies":[{"name":"wp","href":"https:\/\/api.w.org\/{rel}","templated":true}]}}